{"id":14,"date":"2025-06-27T14:11:26","date_gmt":"2025-06-27T12:11:26","guid":{"rendered":"https:\/\/radiesteta.waw.pl\/?page_id=14"},"modified":"2025-07-03T16:34:54","modified_gmt":"2025-07-03T14:34:54","slug":"tomasz-dabrowski-radiesteta","status":"publish","type":"page","link":"https:\/\/radiesteta.waw.pl\/","title":{"rendered":"Tomasz D\u0105browski &#8211; Radiesteta"},"content":{"rendered":"\t\t<div data-elementor-type=\"wp-page\" data-elementor-id=\"14\" class=\"elementor elementor-14\" data-elementor-post-type=\"page\">\n\t\t\t\t<div class=\"elementor-element elementor-element-65d44f60 e-flex e-con-boxed e-con e-parent\" data-id=\"65d44f60\" data-element_type=\"container\" data-settings=\"{&quot;background_background&quot;:&quot;classic&quot;}\">\n\t\t\t\t\t<div class=\"e-con-inner\">\n\t\t\t\t<div class=\"elementor-element elementor-element-307cca4c elementor-widget elementor-widget-heading\" data-id=\"307cca4c\" data-element_type=\"widget\" data-widget_type=\"heading.default\">\n\t\t\t\t<div class=\"elementor-widget-container\">\n\t\t\t\t\t<h1 class=\"elementor-heading-title elementor-size-default\">Zadbaj o Energi\u0119 Przestrzeni, w Kt\u00f3rej \u017byjesz<\/h1>\t\t\t\t<\/div>\n\t\t\t\t<\/div>\n\t\t\t\t<div class=\"elementor-element elementor-element-683d67ba elementor-widget elementor-widget-heading\" data-id=\"683d67ba\" data-element_type=\"widget\" data-widget_type=\"heading.default\">\n\t\t\t\t<div class=\"elementor-widget-container\">\n\t\t\t\t\t<span class=\"elementor-heading-title elementor-size-default\">In\u017cynier z pasj\u0105 do uzdrawiania przestrzeni. Badam i harmonizuj\u0119 miejsca, w kt\u00f3rych mieszkasz, pracujesz i odpoczywasz \u2013 by Twoje otoczenie wspiera\u0142o zdrowie, spok\u00f3j i si\u0142y witalne.<\/span>\t\t\t\t<\/div>\n\t\t\t\t<\/div>\n\t\t\t\t\t<\/div>\n\t\t\t\t<\/div>\n\t\t<div class=\"elementor-element elementor-element-5c1155a6 e-flex e-con-boxed elementor-invisible e-con e-parent\" data-id=\"5c1155a6\" data-element_type=\"container\" data-settings=\"{&quot;animation&quot;:&quot;fadeInUp&quot;}\">\n\t\t\t\t\t<div class=\"e-con-inner\">\n\t\t\t\t<div class=\"elementor-element elementor-element-1c0708cf elementor-widget elementor-widget-heading\" data-id=\"1c0708cf\" data-element_type=\"widget\" data-widget_type=\"heading.default\">\n\t\t\t\t<div class=\"elementor-widget-container\">\n\t\t\t\t\t<h2 class=\"elementor-heading-title elementor-size-default\">Tomasz D\u0105browski<\/h2>\t\t\t\t<\/div>\n\t\t\t\t<\/div>\n\t\t<div class=\"elementor-element elementor-element-1ca6fe63 e-flex e-con-boxed e-con e-child\" data-id=\"1ca6fe63\" data-element_type=\"container\">\n\t\t\t\t\t<div class=\"e-con-inner\">\n\t\t<div class=\"elementor-element elementor-element-233933c2 e-con-full e-flex e-con e-child\" data-id=\"233933c2\" data-element_type=\"container\">\n\t\t\t\t<div class=\"elementor-element elementor-element-447e8aee elementor-widget elementor-widget-text-editor\" data-id=\"447e8aee\" data-element_type=\"widget\" data-widget_type=\"text-editor.default\">\n\t\t\t\t<div class=\"elementor-widget-container\">\n\t\t\t\t\t\t\t\t\t<p><span style=\"font-weight: 400;\">Radiesteta, bioenergoterapeuta, psychotronik. Mieszka w Warszawie i na Pojezierzu Brodnickim. Magister, in\u017cynier Wydzia\u0142u In\u017cynierii L\u0105dowej Politechniki Warszawskiej. Cz\u0142onek Stowarzyszenia Rzeczoznawc\u00f3w Radiestezji \u201eSRR\u201d, Polskiego Towarzystwa Psychotronicznego \u201ePTP\u201d, Stowarzyszenia Bioenergoterapeut\u00f3w \u201eBIOTON\u201d.<\/span><\/p><p><span style=\"font-weight: 400;\">Specjalista od poprawy energii w przestrzeni przebywania os\u00f3b, a w szczeg\u00f3lno\u015bci miejsc sta\u0142ego zamieszkania, odpoczynku i relaksu. Stosuje wrodzone umiej\u0119tno\u015bci radiestezyjne oraz techniki od lat znane w radiestezji dawniej zwanej \u201er\u00f3\u017cd\u017ckarstwem\u201d. Korzysta z tradycyjnych metod badawczych: r\u00f3\u017cd\u017cki, wahade\u0142, tensor\u00f3w, biometr\u00f3w, ale te\u017c jest wybitnym specjalist\u0105 od metod kinezjologicznych wykorzystywanych do bada\u0144 radiestezyjnych i w polu morficznym.<\/span><\/p><p><span style=\"font-weight: 400;\">Autor artyku\u0142\u00f3w i wyk\u0142ad\u00f3w z dziedziny radiestezji terapeutycznej i bioenergoterapii. Tw\u00f3rca harmonizator\u00f3w energii geopatycznej, poprawiaj\u0105cych energi\u0119 w przestrzeni.<\/span><\/p><p><span style=\"font-weight: 400;\">Badacz struktury czakram\u00f3w oraz uk\u0142ad\u00f3w kamiennych, a w szczeg\u00f3lno\u015bci kr\u0119g\u00f3w. Poszukiwacz miejsc mocy i miejsc o szczeg\u00f3lnym znaczeniu energetycznym i historycznym.<\/span><\/p><p><span style=\"font-weight: 400;\">Badacz teoretyk wiedzy radiestezyjnej w zakresie promieniowa\u0144, kolor\u00f3w radiestezyjnych, cz\u0119stotliwo\u015bci promieniowa\u0144 subtelnych i innych skomplikowanych zagadnie\u0144 energetycznych.<\/span><\/p><p><span style=\"font-weight: 400;\">Prowadzi kursy i warsztaty podstaw pracy z energi\u0105, na kt\u00f3rych mo\u017cna nauczy\u0107 si\u0119 praktycznego pos\u0142ugiwania si\u0119 urz\u0105dzeniami radiestezyjnymi i kinezjologi\u0105 oraz pozna\u0107 zasady BHP dla tych obszar\u00f3w. Mo\u017cna opanowa\u0107\u00a0 sposoby ochrony, podnoszenia energii i oczyszczania cia\u0142a subtelnego.<\/span><\/p>\t\t\t\t\t\t\t\t<\/div>\n\t\t\t\t<\/div>\n\t\t\t\t<div class=\"elementor-element elementor-element-a8ca693 elementor-widget elementor-widget-image\" data-id=\"a8ca693\" data-element_type=\"widget\" data-widget_type=\"image.default\">\n\t\t\t\t<div class=\"elementor-widget-container\">\n\t\t\t\t\t\t\t\t\t\t\t\t\t\t\t<img fetchpriority=\"high\" decoding=\"async\" width=\"800\" height=\"932\" src=\"https:\/\/radiesteta.waw.pl\/wp-content\/uploads\/2025\/07\/WhatsApp-Image-2025-07-02-at-14.39.32-879x1024.jpeg\" class=\"attachment-large size-large wp-image-75\" alt=\"\" srcset=\"https:\/\/radiesteta.waw.pl\/wp-content\/uploads\/2025\/07\/WhatsApp-Image-2025-07-02-at-14.39.32-879x1024.jpeg 879w, https:\/\/radiesteta.waw.pl\/wp-content\/uploads\/2025\/07\/WhatsApp-Image-2025-07-02-at-14.39.32-257x300.jpeg 257w, https:\/\/radiesteta.waw.pl\/wp-content\/uploads\/2025\/07\/WhatsApp-Image-2025-07-02-at-14.39.32-768x895.jpeg 768w, https:\/\/radiesteta.waw.pl\/wp-content\/uploads\/2025\/07\/WhatsApp-Image-2025-07-02-at-14.39.32-1318x1536.jpeg 1318w, https:\/\/radiesteta.waw.pl\/wp-content\/uploads\/2025\/07\/WhatsApp-Image-2025-07-02-at-14.39.32-1758x2048.jpeg 1758w\" sizes=\"(max-width: 800px) 100vw, 800px\" \/>\t\t\t\t\t\t\t\t\t\t\t\t\t\t\t<\/div>\n\t\t\t\t<\/div>\n\t\t\t\t<div class=\"elementor-element elementor-element-7d602d8 elementor-widget elementor-widget-heading\" data-id=\"7d602d8\" data-element_type=\"widget\" data-widget_type=\"heading.default\">\n\t\t\t\t<div class=\"elementor-widget-container\">\n\t\t\t\t\t<h2 class=\"elementor-heading-title elementor-size-default\">Radiestezja<\/h2>\t\t\t\t<\/div>\n\t\t\t\t<\/div>\n\t\t\t\t<div class=\"elementor-element elementor-element-0b23bab elementor-widget elementor-widget-text-editor\" data-id=\"0b23bab\" data-element_type=\"widget\" data-widget_type=\"text-editor.default\">\n\t\t\t\t<div class=\"elementor-widget-container\">\n\t\t\t\t\t\t\t\t\t<p><span style=\"font-weight: 400;\">Okre\u015blenie radiestezja pochodzi od \u0142aci\u0144skiego s\u0142owa <\/span><i><span style=\"font-weight: 400;\">radiato<\/span><\/i><span style=\"font-weight: 400;\"> co oznacza promieniowanie oraz greckiego s\u0142owa <\/span><i><span style=\"font-weight: 400;\">aesthesia<\/span><\/i><span style=\"font-weight: 400;\"> oznaczaj\u0105cego wra\u017cliwo\u015b\u0107. Promieniowanie obejmuje wszystkie formy oddzia\u0142ywania na odleg\u0142o\u015b\u0107 w czasie i przestrzeni, nie daj\u0105ce si\u0119 zweryfikowa\u0107 zwyk\u0142ymi umiej\u0119tno\u015bciami zmys\u0142owymi.<\/span><\/p><p><span style=\"font-weight: 400;\">Potencja\u0142 energetyczny cz\u0142owieka oraz homeostaza organizmu zale\u017c\u0105 w du\u017cej mierze od otoczenia, w kt\u00f3rym funkcjonujemy. Przestrze\u0144 wok\u00f3\u0142 nas potrafi szkodzi\u0107 i powodowa\u0107 wiele dolegliwo\u015bci. Jest du\u017co element\u00f3w, kt\u00f3re na to si\u0119 sk\u0142adaj\u0105. Obserwujemy negatywny wp\u0142yw na funkcjonowanie naszego cia\u0142a spowodowany przez oddzia\u0142ywanie ciek\u00f3w wodnych, siatki geopatycznej, plam radioaktywnych, deformacji terenu, zanieczyszcze\u0144 czy z\u0142\u00f3\u017c podziemnych. To s\u0105 naturalne \u017ar\u00f3d\u0142a promieniowania, ale cz\u0142owiek tworzy coraz to nowe \u017ar\u00f3d\u0142a, zaw\u0142aszczaj\u0105c praktycznie ca\u0142\u0105 przestrze\u0144 poprzez sieci radiowe wszelkich cz\u0119stotliwo\u015bci, nadajniki umieszczane w ka\u017cdym sprz\u0119cie komunikacyjnym i AGD. Smog elektromagnetyczny jest wsz\u0119dzie wok\u00f3\u0142 nas. Do tego dochodzi oddzia\u0142ywanie wszelkich zwi\u0105zk\u00f3w chemicznych zawartych w meblach, elementach wyko\u0144czenia wn\u0119trz, farbach, lakierach i kosmetykach. Wa\u017cne jest, aby ograniczy\u0107 negatywny wp\u0142yw szkodliwych promieniowa\u0144 na nasz organizm. W tym celu bada si\u0119 radiestezyjnie pomieszczenia sta\u0142ego przebywania i wyznacza obszary korzystne i niekorzystne dla sta\u0142ej obecno\u015bci cz\u0142owieka.<\/span><\/p><p><img decoding=\"async\" class=\"size-medium wp-image-53 aligncenter\" src=\"http:\/\/radiesteta.waw.pl\/wp-content\/uploads\/2025\/06\/rozdzkaz-Egipt-1-274x300.jpg\" alt=\"\" width=\"274\" height=\"300\" srcset=\"https:\/\/radiesteta.waw.pl\/wp-content\/uploads\/2025\/06\/rozdzkaz-Egipt-1-274x300.jpg 274w, https:\/\/radiesteta.waw.pl\/wp-content\/uploads\/2025\/06\/rozdzkaz-Egipt-1-935x1024.jpg 935w, https:\/\/radiesteta.waw.pl\/wp-content\/uploads\/2025\/06\/rozdzkaz-Egipt-1-768x841.jpg 768w, https:\/\/radiesteta.waw.pl\/wp-content\/uploads\/2025\/06\/rozdzkaz-Egipt-1.jpg 1100w\" sizes=\"(max-width: 274px) 100vw, 274px\" \/><\/p><p><span style=\"font-weight: 400;\">Historyczni r\u00f3\u017cd\u017ckarze od wiek\u00f3w odnajdowali miejsca negatywne, wyszukiwali dogodne miejsca na dom czy wskazywali miejsce kopania studni. R\u00f3\u017cd\u017ckarz \u017cy\u0142 praktycznie w ka\u017cdej wiosce. Radiestezj\u0119 stosowali Chi\u0144czycy ponad dwa tysi\u0105ce lat przed nasz\u0105 er\u0105. Udokumentowane s\u0105 zapisy i ryciny z cesarzem Yu uprawiaj\u0105cym t\u0119 sztuk\u0119. W Egipcie Kleopatra korzysta\u0142a z przynajmniej dw\u00f3ch r\u00f3\u017cd\u017ckarzy, a w grobowcach faraon\u00f3w odnaleziono pierwsze wahad\u0142a. Na \u015bcianach zachowa\u0142o si\u0119 wiele obraz\u00f3w kap\u0142an\u00f3w z r\u00f3\u017cd\u017ckami w r\u0119kach. Homer nazywa radiestezj\u0119 <\/span><i><span style=\"font-weight: 400;\">rabdomancj\u0105<\/span><\/i><span style=\"font-weight: 400;\">, co po grecku oznacza r\u00f3\u017cd\u017ck\u0119. To samo s\u0142owo jest nadal u\u017cywane w j\u0119zyku w\u0142oskim na okre\u015blenie radiestezji. W swoim monumentalnym dziele \u201eOdyseja\u201d Homer nazwa\u0142 tak\u017ce r\u00f3\u017cd\u017ck\u0119 Kaduceuszem, kt\u00f3ra zosta\u0142a przekazana przez Apolla (lub Hermesa) Asklepiosowi, staro\u017cytnemu greckiemu bogu uzdrawiania. Ta mistyczna, legendarna laska ze splecionymi w\u0119\u017cami sta\u0142a si\u0119 uniwersalnym symbolem uzdrawiania, u\u017cywanym przez stowarzyszenia medyczne na ca\u0142ej \u015bwiecie. Rzymianie przed rozbiciem obozu obserwowali zachowanie ps\u00f3w, kt\u00f3re to doskonale odnajdywa\u0142y miejsca zdrowe radiestezyjnie. Znajdujemy te\u017c wiele przekaz\u00f3w w Starym Testamencie, cho\u0107by laska Moj\u017cesza. W Europie istnia\u0142o i do dzi\u015b dzia\u0142a wiele szk\u00f3\u0142 radiestezji. Jest dost\u0119pna niezmiernie bogata literatura. Prowadzone s\u0105 szkolenia, kursy i warsztaty, na kt\u00f3rych mo\u017cna praktycznie doskonali\u0107 si\u0119 w tej dziedzinie.<\/span><\/p><p><img decoding=\"async\" class=\"size-medium wp-image-54 aligncenter\" src=\"http:\/\/radiesteta.waw.pl\/wp-content\/uploads\/2025\/06\/Rozdzkaz-Drzeworyt-z-La-Physique-Occulte-Le-Lorrian-de-Vallemonta-z-1693-roku.-1-169x300.jpg\" alt=\"\" width=\"169\" height=\"300\" srcset=\"https:\/\/radiesteta.waw.pl\/wp-content\/uploads\/2025\/06\/Rozdzkaz-Drzeworyt-z-La-Physique-Occulte-Le-Lorrian-de-Vallemonta-z-1693-roku.-1-169x300.jpg 169w, https:\/\/radiesteta.waw.pl\/wp-content\/uploads\/2025\/06\/Rozdzkaz-Drzeworyt-z-La-Physique-Occulte-Le-Lorrian-de-Vallemonta-z-1693-roku.-1-575x1024.jpg 575w, https:\/\/radiesteta.waw.pl\/wp-content\/uploads\/2025\/06\/Rozdzkaz-Drzeworyt-z-La-Physique-Occulte-Le-Lorrian-de-Vallemonta-z-1693-roku.-1-768x1367.jpg 768w, https:\/\/radiesteta.waw.pl\/wp-content\/uploads\/2025\/06\/Rozdzkaz-Drzeworyt-z-La-Physique-Occulte-Le-Lorrian-de-Vallemonta-z-1693-roku.-1-863x1536.jpg 863w, https:\/\/radiesteta.waw.pl\/wp-content\/uploads\/2025\/06\/Rozdzkaz-Drzeworyt-z-La-Physique-Occulte-Le-Lorrian-de-Vallemonta-z-1693-roku.-1.jpg 1150w\" sizes=\"(max-width: 169px) 100vw, 169px\" \/><\/p><p><span style=\"font-weight: 400;\">Dzi\u015b potrafimy zbada\u0107 i narysowa\u0107 map\u0119 obszaru oraz pomieszcze\u0144, z uwzgl\u0119dnieniem dogodnych i niedogodnych przestrzeni. Mo\u017cemy zaproponowa\u0107 przestawienie podstawowych mebli w domu w celu omini\u0119cia z\u0142ych miejsc lub u\u0142o\u017cy\u0107 odpromienniki czy harmonizatory (ekrany) w celu poprawienia energii w przestrzeni \u017cyciowej . Szczeg\u00f3lnie dotyczy to miejsc do spania i pracy. Badania przestrzeni wykonuje si\u0119 przy pomocy narz\u0119dzi radiestezyjnych i biometr\u00f3w w terenie. Wybitni radiesteci posiadaj\u0105 dar mierzenia zadra\u017cnie\u0144 na odleg\u0142o\u015b\u0107, u\u017cywaj\u0105 do tego tak zwanej teleradiestezji. Oznacza to, \u017ce mog\u0105 skanowa\u0107 teren bez obecno\u015bci w miejscu, a tylko korzystaj\u0105c z map lub rysunk\u00f3w.<\/span><\/p>\t\t\t\t\t\t\t\t<\/div>\n\t\t\t\t<\/div>\n\t\t\t\t<\/div>\n\t\t\t\t\t<\/div>\n\t\t\t\t<\/div>\n\t\t\t\t<div class=\"elementor-element elementor-element-42ec4f4 elementor-widget elementor-widget-heading\" data-id=\"42ec4f4\" data-element_type=\"widget\" data-widget_type=\"heading.default\">\n\t\t\t\t<div class=\"elementor-widget-container\">\n\t\t\t\t\t<h2 class=\"elementor-heading-title elementor-size-default\">Praca<\/h2>\t\t\t\t<\/div>\n\t\t\t\t<\/div>\n\t\t\t\t<div class=\"elementor-element elementor-element-b97588d elementor-widget elementor-widget-text-editor\" data-id=\"b97588d\" data-element_type=\"widget\" data-widget_type=\"text-editor.default\">\n\t\t\t\t<div class=\"elementor-widget-container\">\n\t\t\t\t\t\t\t\t\t<p><span style=\"font-weight: 400;\">Dla uzyskania dobrego samopoczucia i wysokiej energii \u017cyciowej w miejscu zamieszkania potrzeba, aby miejsce by\u0142o zdrowe energetycznie. Najpierw wykonuje si\u0119 badanie przestrzeni metodami radiestezyjnymi i okre\u015bla strefy dogodne i strefy zadra\u017cnie\u0144. Wytycza si\u0119 trasy przebiegu ciek\u00f3w podziemnych i siatki Hartmana. Mo\u017cna te\u017c po prostu korzystaj\u0105c ze skali og\u00f3lnie przyj\u0119tych (na przyk\u0142ad skali BSM) zbada\u0107 poziom promieniowania w pomieszczeniu. Na tej podstawie wyznacza si\u0119 w pomieszczeniu strefy dogodne i strefy zadra\u017cnie\u0144 geopatycznych. Nale\u017cy korzystaj\u0105c z takiego planu rozmie\u015bci\u0107 \u0142\u00f3\u017cka i inne meble, w kt\u00f3rych sp\u0119dza si\u0119 du\u017co czasu, w przestrzeni dogodnej. Dla stref, w kt\u00f3rych nie udaje si\u0119 odnale\u017a\u0107 miejsc dogodnych, trzeba zastosowa\u0107 urz\u0105dzenia radiestezyjne do poprawienia energii. Powszechnie stosuje si\u0119 odpromienniki, kt\u00f3re rozprowadzaj\u0105 korzystn\u0105 energi\u0119 z miejsc dogodnych na obszary z zadra\u017cnieniami. Stosuje si\u0119 te\u017c harmonizery energetyczne, kt\u00f3re s\u0105 same w sobie \u017ar\u00f3d\u0142em korzystnego promieniowania.<\/span><\/p><p><span style=\"font-weight: 400;\">Zach\u0119camy do zbadania swojego domu lub mieszkania w celu poprawienia energii \u017cyciowych. Ka\u017cdy zas\u0142uguje na zdrow\u0105 przestrze\u0144.<\/span><\/p>\t\t\t\t\t\t\t\t<\/div>\n\t\t\t\t<\/div>\n\t\t\t\t\t<\/div>\n\t\t\t\t<\/div>\n\t\t<div class=\"elementor-element elementor-element-2cd288db e-flex e-con-boxed elementor-invisible e-con e-parent\" data-id=\"2cd288db\" data-element_type=\"container\" data-settings=\"{&quot;animation&quot;:&quot;fadeInUp&quot;}\">\n\t\t\t\t\t<div class=\"e-con-inner\">\n\t\t\t\t<div class=\"elementor-element elementor-element-354b8a78 elementor-widget elementor-widget-heading\" data-id=\"354b8a78\" data-element_type=\"widget\" data-widget_type=\"heading.default\">\n\t\t\t\t<div class=\"elementor-widget-container\">\n\t\t\t\t\t<h1 class=\"elementor-heading-title elementor-size-default\">Kontakt<\/h1>\t\t\t\t<\/div>\n\t\t\t\t<\/div>\n\t\t\t\t\t<\/div>\n\t\t\t\t<\/div>\n\t\t<div class=\"elementor-element elementor-element-37f3b19f e-flex e-con-boxed elementor-invisible e-con e-parent\" data-id=\"37f3b19f\" data-element_type=\"container\" data-settings=\"{&quot;background_background&quot;:&quot;classic&quot;,&quot;animation&quot;:&quot;fadeInUp&quot;}\">\n\t\t\t\t\t<div class=\"e-con-inner\">\n\t\t<div class=\"elementor-element elementor-element-57e3ee5 e-con-full e-flex e-con e-child\" data-id=\"57e3ee5\" data-element_type=\"container\">\n\t\t<div class=\"elementor-element elementor-element-5ad7e50b e-flex e-con-boxed e-con e-child\" data-id=\"5ad7e50b\" data-element_type=\"container\">\n\t\t\t\t\t<div class=\"e-con-inner\">\n\t\t\t\t<div class=\"elementor-element elementor-element-142ba23b elementor-widget elementor-widget-heading\" data-id=\"142ba23b\" data-element_type=\"widget\" data-widget_type=\"heading.default\">\n\t\t\t\t<div class=\"elementor-widget-container\">\n\t\t\t\t\t<span class=\"elementor-heading-title elementor-size-default\">Mobile<\/span>\t\t\t\t<\/div>\n\t\t\t\t<\/div>\n\t\t\t\t<div class=\"elementor-element elementor-element-430d355a elementor-widget elementor-widget-heading\" data-id=\"430d355a\" data-element_type=\"widget\" data-widget_type=\"heading.default\">\n\t\t\t\t<div class=\"elementor-widget-container\">\n\t\t\t\t\t<h6 class=\"elementor-heading-title elementor-size-default\">+48 537 051 033<\/h6>\t\t\t\t<\/div>\n\t\t\t\t<\/div>\n\t\t\t\t<div class=\"elementor-element elementor-element-4594217 elementor-widget elementor-widget-heading\" data-id=\"4594217\" data-element_type=\"widget\" data-widget_type=\"heading.default\">\n\t\t\t\t<div class=\"elementor-widget-container\">\n\t\t\t\t\t<h6 class=\"elementor-heading-title elementor-size-default\">+48 602 777 618<\/h6>\t\t\t\t<\/div>\n\t\t\t\t<\/div>\n\t\t\t\t\t<\/div>\n\t\t\t\t<\/div>\n\t\t<div class=\"elementor-element elementor-element-97d5204 e-con-full e-flex e-con e-child\" data-id=\"97d5204\" data-element_type=\"container\">\n\t\t\t\t<div class=\"elementor-element elementor-element-eafd6ff elementor-widget elementor-widget-heading\" data-id=\"eafd6ff\" data-element_type=\"widget\" data-widget_type=\"heading.default\">\n\t\t\t\t<div class=\"elementor-widget-container\">\n\t\t\t\t\t<span class=\"elementor-heading-title elementor-size-default\">Email<\/span>\t\t\t\t<\/div>\n\t\t\t\t<\/div>\n\t\t\t\t<div class=\"elementor-element elementor-element-ade273a elementor-widget elementor-widget-heading\" data-id=\"ade273a\" data-element_type=\"widget\" data-widget_type=\"heading.default\">\n\t\t\t\t<div class=\"elementor-widget-container\">\n\t\t\t\t\t<h6 class=\"elementor-heading-title elementor-size-default\">tomek@kodemocjikodciala.pl<\/h6>\t\t\t\t<\/div>\n\t\t\t\t<\/div>\n\t\t\t\t<div class=\"elementor-element elementor-element-d82a4b5 elementor-widget elementor-widget-heading\" data-id=\"d82a4b5\" data-element_type=\"widget\" data-widget_type=\"heading.default\">\n\t\t\t\t<div class=\"elementor-widget-container\">\n\t\t\t\t\t<h6 class=\"elementor-heading-title elementor-size-default\">\ntom.dab@energyhealing.online<\/h6>\t\t\t\t<\/div>\n\t\t\t\t<\/div>\n\t\t\t\t<div class=\"elementor-element elementor-element-ac6627b elementor-widget elementor-widget-heading\" data-id=\"ac6627b\" data-element_type=\"widget\" data-widget_type=\"heading.default\">\n\t\t\t\t<div class=\"elementor-widget-container\">\n\t\t\t\t\t<h6 class=\"elementor-heading-title elementor-size-default\">tomek502777618@gmail.com<\/h6>\t\t\t\t<\/div>\n\t\t\t\t<\/div>\n\t\t\t\t<\/div>\n\t\t<div class=\"elementor-element elementor-element-9b695b2 e-con-full e-flex e-con e-child\" data-id=\"9b695b2\" data-element_type=\"container\">\n\t\t\t\t<div class=\"elementor-element elementor-element-b9b6db0 elementor-widget elementor-widget-heading\" data-id=\"b9b6db0\" data-element_type=\"widget\" data-widget_type=\"heading.default\">\n\t\t\t\t<div class=\"elementor-widget-container\">\n\t\t\t\t\t<span class=\"elementor-heading-title elementor-size-default\">Polecane strony www:\n<\/span>\t\t\t\t<\/div>\n\t\t\t\t<\/div>\n\t\t\t\t<div class=\"elementor-element elementor-element-f6eda3a elementor-widget elementor-widget-heading\" data-id=\"f6eda3a\" data-element_type=\"widget\" data-widget_type=\"heading.default\">\n\t\t\t\t<div class=\"elementor-widget-container\">\n\t\t\t\t\t<h6 class=\"elementor-heading-title elementor-size-default\">www.radiesteta.waw.pl<\/h6>\t\t\t\t<\/div>\n\t\t\t\t<\/div>\n\t\t\t\t<div class=\"elementor-element elementor-element-6d01c8a elementor-widget elementor-widget-heading\" data-id=\"6d01c8a\" data-element_type=\"widget\" data-widget_type=\"heading.default\">\n\t\t\t\t<div class=\"elementor-widget-container\">\n\t\t\t\t\t<h6 class=\"elementor-heading-title elementor-size-default\">www.kodemocjikodciala.pl<\/h6>\t\t\t\t<\/div>\n\t\t\t\t<\/div>\n\t\t\t\t<div class=\"elementor-element elementor-element-244a91c elementor-widget elementor-widget-heading\" data-id=\"244a91c\" data-element_type=\"widget\" data-widget_type=\"heading.default\">\n\t\t\t\t<div class=\"elementor-widget-container\">\n\t\t\t\t\t<h6 class=\"elementor-heading-title elementor-size-default\">www.energyhealing.online<\/h6>\t\t\t\t<\/div>\n\t\t\t\t<\/div>\n\t\t\t\t<div class=\"elementor-element elementor-element-9aa1d0b elementor-widget elementor-widget-heading\" data-id=\"9aa1d0b\" data-element_type=\"widget\" data-widget_type=\"heading.default\">\n\t\t\t\t<div class=\"elementor-widget-container\">\n\t\t\t\t\t<h6 class=\"elementor-heading-title elementor-size-default\">www.bioenergoterapeuta.online<\/h6>\t\t\t\t<\/div>\n\t\t\t\t<\/div>\n\t\t\t\t<div class=\"elementor-element elementor-element-d9b1772 elementor-widget elementor-widget-heading\" data-id=\"d9b1772\" data-element_type=\"widget\" data-widget_type=\"heading.default\">\n\t\t\t\t<div class=\"elementor-widget-container\">\n\t\t\t\t\t<h6 class=\"elementor-heading-title elementor-size-default\">www.lumivitae.sklep.pl<\/h6>\t\t\t\t<\/div>\n\t\t\t\t<\/div>\n\t\t\t\t<\/div>\n\t\t\t\t<\/div>\n\t\t\t\t\t<\/div>\n\t\t\t\t<\/div>\n\t\t\t\t<\/div>\n\t\t","protected":false},"excerpt":{"rendered":"<p>Zadbaj o Energi\u0119 Przestrzeni, w Kt\u00f3rej \u017byjesz In\u017cynier z pasj\u0105 do uzdrawiania przestrzeni. Badam i harmonizuj\u0119 miejsca, w kt\u00f3rych mieszkasz, pracujesz i odpoczywasz \u2013 by Twoje otoczenie wspiera\u0142o zdrowie, spok\u00f3j i si\u0142y witalne. Tomasz D\u0105browski Radiesteta, bioenergoterapeuta, psychotronik. Mieszka w Warszawie i na Pojezierzu Brodnickim. Magister, in\u017cynier Wydzia\u0142u In\u017cynierii L\u0105dowej Politechniki Warszawskiej. Cz\u0142onek Stowarzyszenia Rzeczoznawc\u00f3w [&hellip;]<\/p>\n","protected":false},"author":1,"featured_media":0,"parent":0,"menu_order":0,"comment_status":"closed","ping_status":"closed","template":"","meta":{"footnotes":""},"class_list":["post-14","page","type-page","status-publish","hentry"],"_links":{"self":[{"href":"https:\/\/radiesteta.waw.pl\/index.php?rest_route=\/wp\/v2\/pages\/14","targetHints":{"allow":["GET"]}}],"collection":[{"href":"https:\/\/radiesteta.waw.pl\/index.php?rest_route=\/wp\/v2\/pages"}],"about":[{"href":"https:\/\/radiesteta.waw.pl\/index.php?rest_route=\/wp\/v2\/types\/page"}],"author":[{"embeddable":true,"href":"https:\/\/radiesteta.waw.pl\/index.php?rest_route=\/wp\/v2\/users\/1"}],"replies":[{"embeddable":true,"href":"https:\/\/radiesteta.waw.pl\/index.php?rest_route=%2Fwp%2Fv2%2Fcomments&post=14"}],"version-history":[{"count":37,"href":"https:\/\/radiesteta.waw.pl\/index.php?rest_route=\/wp\/v2\/pages\/14\/revisions"}],"predecessor-version":[{"id":78,"href":"https:\/\/radiesteta.waw.pl\/index.php?rest_route=\/wp\/v2\/pages\/14\/revisions\/78"}],"wp:attachment":[{"href":"https:\/\/radiesteta.waw.pl\/index.php?rest_route=%2Fwp%2Fv2%2Fmedia&parent=14"}],"curies":[{"name":"wp","href":"https:\/\/api.w.org\/{rel}","templated":true}]}}